{"id":21,"date":"2012-07-02T14:10:11","date_gmt":"2012-07-02T13:10:11","guid":{"rendered":"http:\/\/www.elmadani.org\/fr\/?page_id=21"},"modified":"2014-10-18T10:30:44","modified_gmt":"2014-10-18T09:30:44","slug":"contactez-nous","status":"publish","type":"page","link":"https:\/\/www.elmadani.org\/fr\/contactez-nous\/","title":{"rendered":"Contact"},"content":{"rendered":"<p>Nous informons nos chers visiteurs et abonn\u00e9s qu&rsquo;il leur est possible de nous adresser leurs dol\u00e9ances par email \u00e0 l&rsquo;une des adresses suivantes. Nous nous faisons un point d&rsquo;honneur de les prendre en compte et nous les en remercions par avance.<\/p>\n<p>admin@elmadani.org<\/p>\n<p>cherif.zahar@gmail.com<\/p>\n<p>Avec les compliments de l&rsquo;administrateur du site elmadani.org.<\/p>\n","protected":false},"excerpt":{"rendered":"<p>Nous informons nos chers visiteurs et abonn\u00e9s qu&rsquo;il leur est possible de nous adresser leurs dol\u00e9ances par email \u00e0 l&rsquo;une des adresses suivantes. Nous nous faisons un point [&hellip;]<\/p>\n","protected":false},"author":525,"featured_media":0,"parent":0,"menu_order":0,"comment_status":"open","ping_status":"open","template":"","meta":{"footnotes":""},"class_list":["post-21","page","type-page","status-publish","hentry"],"_links":{"self":[{"href":"https:\/\/www.elmadani.org\/fr\/wp-json\/wp\/v2\/pages\/21","targetHints":{"allow":["GET"]}}],"collection":[{"href":"https:\/\/www.elmadani.org\/fr\/wp-json\/wp\/v2\/pages"}],"about":[{"href":"https:\/\/www.elmadani.org\/fr\/wp-json\/wp\/v2\/types\/page"}],"author":[{"embeddable":true,"href":"https:\/\/www.elmadani.org\/fr\/wp-json\/wp\/v2\/users\/525"}],"replies":[{"embeddable":true,"href":"https:\/\/www.elmadani.org\/fr\/wp-json\/wp\/v2\/comments?post=21"}],"version-history":[{"count":0,"href":"https:\/\/www.elmadani.org\/fr\/wp-json\/wp\/v2\/pages\/21\/revisions"}],"wp:attachment":[{"href":"https:\/\/www.elmadani.org\/fr\/wp-json\/wp\/v2\/media?parent=21"}],"curies":[{"name":"wp","href":"https:\/\/api.w.org\/{rel}","templated":true}]}}