{"id":82,"date":"2012-08-27T12:10:16","date_gmt":"2012-08-27T11:10:16","guid":{"rendered":"http:\/\/www.elmadani.org\/fr\/?page_id=82"},"modified":"2025-07-06T18:46:06","modified_gmt":"2025-07-06T17:46:06","slug":"correspondances","status":"publish","type":"page","link":"https:\/\/www.elmadani.org\/fr\/correspondances\/","title":{"rendered":"Correspondances"},"content":{"rendered":"<p style=\"text-align: justify;\">Cette page est r\u00e9serv\u00e9e aux correspondances re\u00e7ues par Ahmed Tewfik el-Madani et qui lui \u00e9taient envoy\u00e9es par les oul\u00e9mas, les chefs de la r\u00e9volution, les hommes politiques, les lettr\u00e9s et autres personnalit\u00e9s. Nous jugeons utile de les rendre publiques d&rsquo;autant que ATM envisageait de les publier sous la forme d&rsquo;un recueil de lettres qu&rsquo;il voulait appeler: \u00ab\u00a0d\u00eew\u00e2n &lsquo;udham\u00e2&rsquo; al-isl\u00e2m\u00a0\u00bb comme cela est mentionn\u00e9 en plusieurs endroits dans son dernier ouvrage: \u00ab\u00a0radd ad\u00eeb\u00a0\u00bb.<\/p>\n<p style=\"text-align: justify;\">Quelques fois, les lettres sont adress\u00e9es \u00e0 autre que ATM et quelques fois, ce sont ses lettres \u00e0 lui que lui m\u00eame s&rsquo;appr\u00eatait \u00e0 adresser ou a adress\u00e9es puis qui lui ont \u00e9t\u00e9 retourn\u00e9es d&rsquo;une fa\u00e7on ou d&rsquo;une autre.<\/p>\n<p style=\"text-align: justify;\">Les historiens et chercheurs y trouveront certainement des \u00e9l\u00e9ments cl\u00e9s pour comprendre certaines phases de l&rsquo;histoire alg\u00e9rienne ou maghr\u00e9bine ou encore de se faire une id\u00e9e plus pr\u00e9cise de telle ou telle personne d&rsquo;entre les acteurs de la r\u00e9volution culturelle ou de la r\u00e9volution arm\u00e9e qui ont cr\u00e9\u00e9 l&rsquo;Alg\u00e9rie ind\u00e9pendante.<\/p>\n<p style=\"text-align: justify;\">Certaines lettres pouvant contenir \u00e9ventuellement des choses \u00ab\u00a0graves\u00a0\u00bb, elles ne sont accessibles que sur demande \u00e9crite adress\u00e9e \u00e0 \u00ab\u00a0admin@elmadani.org\u00a0\u00bb. Le requ\u00e9rant devra renseigner sur sa profession, les qualit\u00e9s qui lui permettraient d&rsquo;exploiter \u00e0 bon escient, \u00e9ventuellement un petit CV. Les personnes qui y auront acc\u00e8s pourront les exploiter dans leurs recherches, non les t\u00e9l\u00e9charger et les publier \u00ab\u00a0telles quelles\u00a0\u00bb, chose que nous ferons peut \u00eatre pour \u00eatre fid\u00e8les aux voeux d&rsquo;Ahmed Tewfik el Madani qui envisageait de les publier dans un grand livre intitul\u00e9 \u00ab\u00a0diw\u00e2n &lsquo;udhal\u00e2&rsquo; al-islam\u00a0\u00bb.<\/p>\n<p style=\"text-align: justify;\">Les lettres sont class\u00e9es d&rsquo;abord par cat\u00e9gories puis, \u00e0 l&rsquo;int\u00e9rieur de chaque cat\u00e9gorie, selon les noms de ceux qui les ont envoy\u00e9es.<\/p>\n<h1><span style=\"text-decoration: underline;\"><strong>Destouriens (Tunisie)<\/strong><\/span><\/h1>\n<h2><a href=\"https:\/\/www.elmadani.org\/fr\/?p=154\"><strong>Chalabi (Lahbib)<\/strong><\/a><\/h2>\n<h2><a title=\"Lettre de Moncef Mestiri\" href=\"https:\/\/www.elmadani.org\/fr\/?p=266\">Mestiri (Mohamed Moncif)<\/a><\/h2>\n<h2><a title=\"Lettres parvenues \u00e0 ATM de la part de M. Mohieddine Qlibi, Directeur politique du Destour.\" href=\"https:\/\/www.elmadani.org\/fr\/?p=328\">Qlibi (Mohieddine)<\/a><\/h2>\n<h2><strong><a href=\"https:\/\/www.elmadani.org\/fr\/wp-content\/uploads\/Qlibi-et-Ibrahimi.gif\"><img loading=\"lazy\" decoding=\"async\" class=\"aligncenter size-full wp-image-330\" title=\"Qlibi (\u00e0 droite) et Ibrahimi (\u00e0 gauche)\" alt=\"\" src=\"https:\/\/www.elmadani.org\/fr\/wp-content\/uploads\/Qlibi-et-Ibrahimi.gif\" width=\"220\" height=\"136\" \/><\/a><a title=\"Lettre de Abdelaziz Tha\u00e2libi\" href=\"https:\/\/www.elmadani.org\/fr\/?p=162\">Thaalibi (Abdelaziz ~)<\/a><\/strong><\/h2>\n<p><a href=\"https:\/\/www.elmadani.org\/fr\/wp-content\/uploads\/Thaalibi.jpeg\"><img loading=\"lazy\" decoding=\"async\" class=\"aligncenter size-full wp-image-192\" title=\"Thaalibi\" alt=\"\" src=\"https:\/\/www.elmadani.org\/fr\/wp-content\/uploads\/Thaalibi.jpeg\" width=\"176\" height=\"185\" \/><\/a><\/p>\n<h1><span style=\"text-decoration: underline;\"><strong>FLN (Alg\u00e9rie)<\/strong><\/span><\/h1>\n<h1><span style=\"text-decoration: underline;\"><strong>Oul\u00e9mas r\u00e9formistes (Alg\u00e9rie)<\/strong><\/span><\/h1>\n<h2><strong><a title=\"Lettres de Benbadis et de Bouchemal\" href=\"https:\/\/www.elmadani.org\/fr\/?p=109\">Benbadis (Abdelhamid)<\/a><\/strong><\/h2>\n<p style=\"text-align: center;\"><a href=\"https:\/\/www.elmadani.org\/fr\/wp-content\/uploads\/Benbadis.jpeg\"><img loading=\"lazy\" decoding=\"async\" class=\"aligncenter  wp-image-189\" title=\"Abdelhamid Benbadis\" alt=\"\" src=\"https:\/\/www.elmadani.org\/fr\/wp-content\/uploads\/Benbadis-214x300.jpeg\" width=\"128\" height=\"180\" srcset=\"https:\/\/www.elmadani.org\/fr\/wp-content\/uploads\/Benbadis-214x300.jpeg 214w, https:\/\/www.elmadani.org\/fr\/wp-content\/uploads\/Benbadis.jpeg 250w\" sizes=\"auto, (max-width: 128px) 100vw, 128px\" \/><\/a><\/p>\n<h2><strong><a title=\"Lettres de Benbadis et de Bouchemal\" href=\"https:\/\/www.elmadani.org\/fr\/?p=109\">Bouchemal (Ahmed)<\/a><\/strong><\/h2>\n<h2><a title=\"Lettre de cheikh Hamza Boukoucha\" href=\"https:\/\/www.elmadani.org\/fr\/?p=286\">Boukoucha (Hamza)<\/a><\/h2>\n<p><a href=\"https:\/\/www.elmadani.org\/fr\/wp-content\/uploads\/Hamza-Boukoucha.jpg\"><img loading=\"lazy\" decoding=\"async\" class=\"aligncenter size-thumbnail wp-image-298\" title=\"Hamza Boukoucha\" alt=\"Cette photo m'a \u00e9t\u00e9 envoy\u00e9 par M. Soheil Chennouf, le fils de cheikh Hamza Boukoucha\" src=\"https:\/\/www.elmadani.org\/fr\/wp-content\/uploads\/Hamza-Boukoucha-150x150.jpg\" width=\"150\" height=\"150\" \/><\/a><\/p>\n<h2><strong><a title=\"Lettre d\u2019el-Ibrahimi \u00e0 cheikh Derdour\" href=\"https:\/\/www.elmadani.org\/fr\/?p=124\">Derdour (Omar ~) : lettre de cheikh el-Ibrahimi \u00e0 ce dernier.<\/a><\/strong><\/h2>\n<p style=\"text-align: center;\"><a href=\"https:\/\/www.elmadani.org\/fr\/wp-content\/uploads\/Omar-Derdour-en-19361.jpeg\"><img loading=\"lazy\" decoding=\"async\" class=\"aligncenter  wp-image-201\" title=\"Omar Derdour en 1936\" alt=\"\" src=\"https:\/\/www.elmadani.org\/fr\/wp-content\/uploads\/Omar-Derdour-en-19361.jpeg\" width=\"116\" height=\"149\" \/><\/a><\/p>\n<h2><strong><a title=\"Lettres de cheikh Mohamed el-Bachir el-Ibrahimi\" href=\"https:\/\/www.elmadani.org\/fr\/?p=100\">Ibrahimi (Mohamed el-Bachir el-~)<\/a><\/strong><\/h2>\n<p style=\"text-align: center;\"><a href=\"https:\/\/www.elmadani.org\/fr\/wp-content\/uploads\/Ibrahimi.jpg\"><img loading=\"lazy\" decoding=\"async\" class=\"aligncenter  wp-image-194\" title=\"Mohamed el-Bachior el-Ibrahimi\" alt=\"\" src=\"https:\/\/www.elmadani.org\/fr\/wp-content\/uploads\/Ibrahimi.jpg\" width=\"144\" height=\"165\" \/><\/a><\/p>\n<h2><a title=\"Lettre de Liamine Lamoudi \u00e0 cheikh Ibrahimi\" href=\"https:\/\/www.elmadani.org\/fr\/?p=120\"><strong>Lamoudi (Mohamed Liamine ~)<\/strong><\/a><\/h2>\n<p><a href=\"https:\/\/www.elmadani.org\/fr\/wp-content\/uploads\/LamineLamoudi.jpeg\"><img loading=\"lazy\" decoding=\"async\" class=\"aligncenter size-thumbnail wp-image-297\" title=\"Mohamed Lamine Lamoudi\" alt=\"Cette photo m'a \u00e9t\u00e9 envoy\u00e9 par M. Soheil Chennouf, le fils de cheikh Hamza Boukoucha\" src=\"https:\/\/www.elmadani.org\/fr\/wp-content\/uploads\/LamineLamoudi-150x150.jpeg\" width=\"150\" height=\"150\" \/><\/a><\/p>\n<h2><strong><a title=\"Lettres de Moubarek el Mili\" href=\"https:\/\/www.elmadani.org\/fr\/?p=97\">Mili (Moubrek el-~)<\/a><\/strong><\/h2>\n<p><a href=\"https:\/\/www.elmadani.org\/fr\/wp-content\/uploads\/Moubarek-el-Mili.jpeg\"><img loading=\"lazy\" decoding=\"async\" class=\"aligncenter size-full wp-image-196\" title=\"Moubarek el-Mili\" alt=\"\" src=\"https:\/\/www.elmadani.org\/fr\/wp-content\/uploads\/Moubarek-el-Mili.jpeg\" width=\"206\" height=\"283\" \/><\/a><\/p>\n<h2><strong><a title=\"Lettres de cheikh Tayyeb el-Okbi\" href=\"https:\/\/www.elmadani.org\/fr\/?p=115\">Okbi (Tayyeb el-~)<\/a><\/strong><\/h2>\n<p><a href=\"https:\/\/www.elmadani.org\/fr\/wp-content\/uploads\/tayeb-al-okbi.jpg\"><img loading=\"lazy\" decoding=\"async\" class=\"aligncenter size-full wp-image-198\" title=\"Tayyeb el-Okbi\" alt=\"\" src=\"https:\/\/www.elmadani.org\/fr\/wp-content\/uploads\/tayeb-al-okbi.jpg\" width=\"130\" height=\"130\" \/><\/a><\/p>\n<h2><a title=\"Lettres de cheikh Larbi Tebessi\" href=\"https:\/\/www.elmadani.org\/fr\/?p=231\">Tebessi (Larbi)<\/a><\/h2>\n<p style=\"text-align: center;\"><a href=\"https:\/\/www.elmadani.org\/fr\/wp-content\/uploads\/CHEIKH-LARBI-TEBESSI.jpg\"><img loading=\"lazy\" decoding=\"async\" class=\"aligncenter  wp-image-246\" title=\"CHEIKH-LARBI-TEBESSI\" alt=\"Cheih Larbi Tebessi\" src=\"https:\/\/www.elmadani.org\/fr\/wp-content\/uploads\/CHEIKH-LARBI-TEBESSI.jpg\" width=\"102\" height=\"125\" \/><\/a><\/p>\n<h1>Palestiniens<\/h1>\n<h2><a title=\"Lettre de Mohamed Ali Ettaher (militant palestinien)\" href=\"https:\/\/www.elmadani.org\/fr\/?p=291\">Ettaher (Mohamed Ali)<\/a><\/h2>\n<p><a href=\"https:\/\/www.elmadani.org\/fr\/wp-content\/uploads\/Taher_Portrait.jpg\"><img loading=\"lazy\" decoding=\"async\" class=\"aligncenter size-thumbnail wp-image-295\" title=\"Taher_Portrait\" alt=\"Mohamed Ali Ettaher\" src=\"https:\/\/www.elmadani.org\/fr\/wp-content\/uploads\/Taher_Portrait-150x150.jpg\" width=\"150\" height=\"150\" \/><\/a><\/p>\n<h1><strong>Divers<\/strong><\/h1>\n<h2><strong><a title=\"Lettre de M. Ammar Dhina (le traducteur de M. Moubarek el Mili)\" href=\"https:\/\/www.elmadani.org\/fr\/?p=90\">Dhina (Ammar)<\/a><\/strong><\/h2>\n<h1><a href=\"https:\/\/www.elmadani.org\/fr\/wp-content\/uploads\/Amar-Dhina.jpeg\"><img loading=\"lazy\" decoding=\"async\" class=\"aligncenter\" title=\"Amar Dhina\" alt=\"\" src=\"https:\/\/www.elmadani.org\/fr\/wp-content\/uploads\/Amar-Dhina.jpeg\" width=\"99\" height=\"140\" \/><\/a><\/h1>\n<h1><a href=\"https:\/\/www.elmadani.org\/fr\/?p=571\" target=\"_blank\">Nasreddine-Etienne Dinet<\/a><\/h1>\n<p>&nbsp;<\/p>\n","protected":false},"excerpt":{"rendered":"<p>Cette page est r\u00e9serv\u00e9e aux correspondances re\u00e7ues par Ahmed Tewfik el-Madani et qui lui \u00e9taient envoy\u00e9es par les oul\u00e9mas, les chefs de la r\u00e9volution, les hommes politiques, les [&hellip;]<\/p>\n","protected":false},"author":525,"featured_media":0,"parent":0,"menu_order":0,"comment_status":"open","ping_status":"closed","template":"","meta":{"footnotes":""},"class_list":["post-82","page","type-page","status-publish","hentry"],"_links":{"self":[{"href":"https:\/\/www.elmadani.org\/fr\/wp-json\/wp\/v2\/pages\/82","targetHints":{"allow":["GET"]}}],"collection":[{"href":"https:\/\/www.elmadani.org\/fr\/wp-json\/wp\/v2\/pages"}],"about":[{"href":"https:\/\/www.elmadani.org\/fr\/wp-json\/wp\/v2\/types\/page"}],"author":[{"embeddable":true,"href":"https:\/\/www.elmadani.org\/fr\/wp-json\/wp\/v2\/users\/525"}],"replies":[{"embeddable":true,"href":"https:\/\/www.elmadani.org\/fr\/wp-json\/wp\/v2\/comments?post=82"}],"version-history":[{"count":2,"href":"https:\/\/www.elmadani.org\/fr\/wp-json\/wp\/v2\/pages\/82\/revisions"}],"predecessor-version":[{"id":8789,"href":"https:\/\/www.elmadani.org\/fr\/wp-json\/wp\/v2\/pages\/82\/revisions\/8789"}],"wp:attachment":[{"href":"https:\/\/www.elmadani.org\/fr\/wp-json\/wp\/v2\/media?parent=82"}],"curies":[{"name":"wp","href":"https:\/\/api.w.org\/{rel}","templated":true}]}}